{"id":91,"date":"2016-12-15T12:47:12","date_gmt":"2016-12-15T12:47:12","guid":{"rendered":"http:\/\/hirubide.school.blog\/antoine-dabbadie\/"},"modified":"2020-03-03T09:33:01","modified_gmt":"2020-03-03T09:33:01","slug":"antoine-dabbadie","status":"publish","type":"page","link":"https:\/\/www.hirubide.eus\/es\/proiektuak\/antoine-dabbadie\/","title":{"rendered":"Antoine d&#8217;Abbadie"},"content":{"rendered":"<p>Desde hace cuatro a\u00f1os el profesorado de Hirubide recibe formaci\u00f3n espec\u00edfica sobre el trabajo por proyectos, que luego a\u00f1o tras a\u00f1o hemos llevado a la pr\u00e1ctica en las aulas. El pasado curso 2015-16 surgi\u00f3 una iniciativa en Ir\u00fan que consist\u00eda en un proyecto interdisciplinar sobre la Figuera de Antoine D\u00b4Abbadie en el que tomar\u00edan parte diferentes centros de ense\u00f1anza, el proyecto finalmente no sali\u00f3 adelante. Los profesores de Hirubide que ya hab\u00edamos empezado a pensar en los diferentes proyectos que realizar\u00edamos tomamos la decisi\u00f3n de continuar con la iniciativa.<\/p>\n<p>Desde principios de curso se ha reunido un grupo de profesores para planificar lo que hemos llamado la Semana de los Proyectos. En esa semana los horarios y los espacios f\u00edsicos de trabajo habituales se han dejado a un lado para seguir trabajando los contenidos habituales de un modo diferente. Durante esos cinco d\u00edas nuestros alumnos han realizado cuatro proyectos diferentes: Abadiarekin Solasean (Euskera y Ciencias Socials), Aroma a Carbonilla (Lengua Castellana y Ciencias Sociales) Cartograf\u00eda y GPS (inform\u00e1tika, Tecnolog\u00eda y Ciencias) y Abbadia Mannor (Ingl\u00e9s, Franc\u00e9s y Pl\u00e1stica).<\/p>\n<p>Aqu\u00ed pod\u00e9is ver <a href=\"http:\/\/antonabadia.blogspot.com.es\/\">nuestro blog!<\/a><\/p>\n<p>Pinchando en la imagen de abajo podr\u00e9is visitar la galeria de fotos:<\/p>\n<p><a title=\"Abadia 2017\" href=\"https:\/\/www.flickr.com\/photos\/146635283@N04\/albums\/72157678961090380\" data-flickr-embed=\"true\"><img loading=\"lazy\" decoding=\"async\" class=\"aligncenter\" src=\"https:\/\/c1.staticflickr.com\/3\/2073\/32859303182_ef84f9da77_q.jpg\" alt=\"Abadia 2017\" width=\"150\" height=\"150\" \/><\/a><\/p>\n","protected":false},"excerpt":{"rendered":"<p>Desde hace cuatro a\u00f1os el profesorado de Hirubide recibe formaci\u00f3n espec\u00edfica sobre el trabajo por proyectos, que luego a\u00f1o tras a\u00f1o hemos llevado a la \u2026<\/p>\n","protected":false},"author":2,"featured_media":0,"parent":308,"menu_order":0,"comment_status":"closed","ping_status":"closed","template":"","meta":{"episode_type":"","audio_file":"","podmotor_file_id":"","podmotor_episode_id":"","cover_image":"","cover_image_id":"","duration":"","filesize":"","filesize_raw":"","date_recorded":"","explicit":"","block":"","itunes_episode_number":"","itunes_title":"","itunes_season_number":"","itunes_episode_type":"","footnotes":""},"class_list":["post-91","page","type-page","status-publish","hentry"],"translation":{"provider":"WPGlobus","version":"3.0.2","language":"es","enabled_languages":["eu","es"],"languages":{"eu":{"title":true,"content":true,"excerpt":false},"es":{"title":false,"content":true,"excerpt":false}}},"_links":{"self":[{"href":"https:\/\/www.hirubide.eus\/es\/wp-json\/wp\/v2\/pages\/91","targetHints":{"allow":["GET"]}}],"collection":[{"href":"https:\/\/www.hirubide.eus\/es\/wp-json\/wp\/v2\/pages"}],"about":[{"href":"https:\/\/www.hirubide.eus\/es\/wp-json\/wp\/v2\/types\/page"}],"author":[{"embeddable":true,"href":"https:\/\/www.hirubide.eus\/es\/wp-json\/wp\/v2\/users\/2"}],"replies":[{"embeddable":true,"href":"https:\/\/www.hirubide.eus\/es\/wp-json\/wp\/v2\/comments?post=91"}],"version-history":[{"count":7,"href":"https:\/\/www.hirubide.eus\/es\/wp-json\/wp\/v2\/pages\/91\/revisions"}],"predecessor-version":[{"id":864,"href":"https:\/\/www.hirubide.eus\/es\/wp-json\/wp\/v2\/pages\/91\/revisions\/864"}],"up":[{"embeddable":true,"href":"https:\/\/www.hirubide.eus\/es\/wp-json\/wp\/v2\/pages\/308"}],"wp:attachment":[{"href":"https:\/\/www.hirubide.eus\/es\/wp-json\/wp\/v2\/media?parent=91"}],"curies":[{"name":"wp","href":"https:\/\/api.w.org\/{rel}","templated":true}]}}