{"id":6982,"date":"2024-01-09T13:20:36","date_gmt":"2024-01-09T12:20:36","guid":{"rendered":"https:\/\/www.hirubide.eus\/?page_id=6982"},"modified":"2025-02-12T15:55:33","modified_gmt":"2025-02-12T14:55:33","slug":"erasmus","status":"publish","type":"page","link":"https:\/\/www.hirubide.eus\/es\/proiektuak\/erasmus\/","title":{"rendered":"Erasmus +"},"content":{"rendered":"\n<p>En el curso 2021-2022 el centro decidi\u00f3 participar en el proyecto Erasmus+ financiado por Europa. En primer lugar, se decidi\u00f3 que Hirubide se presentar\u00eda a un proyecto de corta duraci\u00f3n y, tras presentar el proyecto y los documentos necesarios, la Uni\u00f3n Europea dio el visto bueno a la inclusi\u00f3n del centro Hirubide en el proyecto Erasmus+. Para ello recibimos una financiaci\u00f3n de 24.000\u20ac gracias a la que hemos podido realizar diversas movilidades:<br><br><strong>&#8211; Con el alumnado se han realizado dos viajes:<\/strong><\/p>\n\n\n\n<p>1. Al instituto Sfanta Vineri, en el pueblo rumano de Ploiesti. Junto con sus alumnos\/as se llev\u00f3 a cabo un proyecto para crear material audiovisual y trabajar el reciclaje. A continuaci\u00f3n, recibimos en Hirubide al alumnado rumano que tambi\u00e9n tuvo la oportunidad de conocer nuestra forma de trabajar y continuar con el proyecto. <\/p>\n\n\n\n<p>2. Al instituto Philippe Lamour del pueblo franc\u00e9s de Nimes. Dado que la especialidad de este centro es la formaci\u00f3n cinematogr\u00e1fica, con la ayuda de su alumnado se grabaron y editaron diferentes entrevistas para conocer la metodolog\u00eda, la vida, las rutinas&#8230; del centro.<br><br>Para dar a conocer todas estas experiencias los\/as estudiantes crearon dos blogs: uno sobre el viaje de Ruman\u00eda y otro sobre el de Nimes.<\/p>\n\n\n\n<p>El objetivo principal es poder adentrarse en sistemas de aprendizaje de diferentes pa\u00edses, formarse en diferentes idiomas (ingl\u00e9s, franc\u00e9s&#8230;), fomentar relaciones e intercambios entre el alumnado, entre otras.<br><strong><br>&#8211; Actividades realizadas por el profesorado:<\/strong><\/p>\n\n\n\n<p>1. Se han realizado viajes a los institutos Philippe Lamour, de Nimes, y Sfanta Vineri, de Ruman\u00eda, para realizar el \u00abaprendizaje por observaci\u00f3n\u00bb (observando actividades profesionales).<br><br>2. Cursos de formaci\u00f3n sobre diferentes proyectos en Florencia y Berl\u00edn. Los cursos <em>\u00abPhoto and video making in the classroom\u00bb<\/em> y <em>\u00abWriting and successful Erasmus proyect\u00bb<\/em> fueron realizados por dos profesores del departamento de ingl\u00e9s en Florencia y el curso <em>\u00abOur School Radio\u00bb y \u00abPodcasts and New Media as an Educational Tool\u00bb<\/em> fue realizado por un profesor del departamento de Ciencias Sociales en Berl\u00edn.<\/p>\n\n\n\n<p>Para recibir m\u00e1s informaci\u00f3n sobre las diferentes experiencias, se pueden visualizar los dos blogs creados (clicando en las fotos).<\/p>\n\n\n\n<p>   <\/p>\n\n\n\n<figure class=\"wp-block-gallery has-nested-images columns-default is-cropped wp-block-gallery-1 is-layout-flex wp-block-gallery-is-layout-flex\">\n<figure class=\"wp-block-image size-large\"><a href=\"https:\/\/erasmusromania23.blogspot.com\/\"><img loading=\"lazy\" decoding=\"async\" width=\"1024\" height=\"769\" data-id=\"7074\" src=\"https:\/\/www.hirubide.eus\/wp-content\/uploads\/2024\/01\/Irun-Ploiest-1024x769.png\" alt=\"\" class=\"wp-image-7074\" srcset=\"https:\/\/www.hirubide.eus\/wp-content\/uploads\/2024\/01\/Irun-Ploiest-1024x769.png 1024w, https:\/\/www.hirubide.eus\/wp-content\/uploads\/2024\/01\/Irun-Ploiest-300x225.png 300w, https:\/\/www.hirubide.eus\/wp-content\/uploads\/2024\/01\/Irun-Ploiest-768x576.png 768w, https:\/\/www.hirubide.eus\/wp-content\/uploads\/2024\/01\/Irun-Ploiest-1536x1153.png 1536w, https:\/\/www.hirubide.eus\/wp-content\/uploads\/2024\/01\/Irun-Ploiest-400x300.png 400w, https:\/\/www.hirubide.eus\/wp-content\/uploads\/2024\/01\/Irun-Ploiest-1320x991.png 1320w, https:\/\/www.hirubide.eus\/wp-content\/uploads\/2024\/01\/Irun-Ploiest.png 2048w\" sizes=\"auto, (max-width: 1024px) 100vw, 1024px\" \/><\/a><\/figure>\n\n\n\n<figure class=\"wp-block-image size-large\"><a href=\"https:\/\/erasmushirubide.blogspot.com\/?m=1\"><img loading=\"lazy\" decoding=\"async\" width=\"1024\" height=\"768\" data-id=\"7075\" src=\"https:\/\/www.hirubide.eus\/wp-content\/uploads\/2024\/01\/Irun-Nimes-1024x768.png\" alt=\"\" class=\"wp-image-7075\" srcset=\"https:\/\/www.hirubide.eus\/wp-content\/uploads\/2024\/01\/Irun-Nimes-1024x768.png 1024w, https:\/\/www.hirubide.eus\/wp-content\/uploads\/2024\/01\/Irun-Nimes-300x225.png 300w, https:\/\/www.hirubide.eus\/wp-content\/uploads\/2024\/01\/Irun-Nimes-768x576.png 768w, https:\/\/www.hirubide.eus\/wp-content\/uploads\/2024\/01\/Irun-Nimes-1536x1152.png 1536w, https:\/\/www.hirubide.eus\/wp-content\/uploads\/2024\/01\/Irun-Nimes-400x300.png 400w, https:\/\/www.hirubide.eus\/wp-content\/uploads\/2024\/01\/Irun-Nimes-1320x990.png 1320w, https:\/\/www.hirubide.eus\/wp-content\/uploads\/2024\/01\/Irun-Nimes.png 2048w\" sizes=\"auto, (max-width: 1024px) 100vw, 1024px\" \/><\/a><\/figure>\n<\/figure>\n\n\n\n<p>    <\/p>\n\n\n<div class=\"wp-block-image\">\n<figure class=\"aligncenter size-large is-resized\"><img loading=\"lazy\" decoding=\"async\" width=\"1024\" height=\"333\" src=\"https:\/\/www.hirubide.eus\/wp-content\/uploads\/2024\/01\/tempFileForShare_20240125-111710-1024x333.jpg\" alt=\"\" class=\"wp-image-7078\" style=\"width:403px;height:auto\" srcset=\"https:\/\/www.hirubide.eus\/wp-content\/uploads\/2024\/01\/tempFileForShare_20240125-111710-1024x333.jpg 1024w, https:\/\/www.hirubide.eus\/wp-content\/uploads\/2024\/01\/tempFileForShare_20240125-111710-300x98.jpg 300w, https:\/\/www.hirubide.eus\/wp-content\/uploads\/2024\/01\/tempFileForShare_20240125-111710-768x250.jpg 768w, https:\/\/www.hirubide.eus\/wp-content\/uploads\/2024\/01\/tempFileForShare_20240125-111710-503x163.jpg 503w, https:\/\/www.hirubide.eus\/wp-content\/uploads\/2024\/01\/tempFileForShare_20240125-111710.jpg 1080w\" sizes=\"auto, (max-width: 1024px) 100vw, 1024px\" \/><\/figure>\n<\/div>","protected":false},"excerpt":{"rendered":"<p>En el curso 2021-2022 el centro decidi\u00f3 participar en el proyecto Erasmus+ financiado por Europa. En primer lugar, se decidi\u00f3 que Hirubide se presentar\u00eda a \u2026<\/p>\n","protected":false},"author":12,"featured_media":8601,"parent":308,"menu_order":0,"comment_status":"closed","ping_status":"closed","template":"","meta":{"episode_type":"","audio_file":"","podmotor_file_id":"","podmotor_episode_id":"","cover_image":"","cover_image_id":"","duration":"","filesize":"","filesize_raw":"","date_recorded":"","explicit":"","block":"","itunes_episode_number":"","itunes_title":"","itunes_season_number":"","itunes_episode_type":"","footnotes":""},"class_list":["post-6982","page","type-page","status-publish","has-post-thumbnail","hentry"],"translation":{"provider":"WPGlobus","version":"3.0.2","language":"es","enabled_languages":["eu","es"],"languages":{"eu":{"title":true,"content":true,"excerpt":false},"es":{"title":true,"content":true,"excerpt":false}}},"_links":{"self":[{"href":"https:\/\/www.hirubide.eus\/es\/wp-json\/wp\/v2\/pages\/6982","targetHints":{"allow":["GET"]}}],"collection":[{"href":"https:\/\/www.hirubide.eus\/es\/wp-json\/wp\/v2\/pages"}],"about":[{"href":"https:\/\/www.hirubide.eus\/es\/wp-json\/wp\/v2\/types\/page"}],"author":[{"embeddable":true,"href":"https:\/\/www.hirubide.eus\/es\/wp-json\/wp\/v2\/users\/12"}],"replies":[{"embeddable":true,"href":"https:\/\/www.hirubide.eus\/es\/wp-json\/wp\/v2\/comments?post=6982"}],"version-history":[{"count":8,"href":"https:\/\/www.hirubide.eus\/es\/wp-json\/wp\/v2\/pages\/6982\/revisions"}],"predecessor-version":[{"id":7083,"href":"https:\/\/www.hirubide.eus\/es\/wp-json\/wp\/v2\/pages\/6982\/revisions\/7083"}],"up":[{"embeddable":true,"href":"https:\/\/www.hirubide.eus\/es\/wp-json\/wp\/v2\/pages\/308"}],"wp:featuredmedia":[{"embeddable":true,"href":"https:\/\/www.hirubide.eus\/es\/wp-json\/wp\/v2\/media\/8601"}],"wp:attachment":[{"href":"https:\/\/www.hirubide.eus\/es\/wp-json\/wp\/v2\/media?parent=6982"}],"curies":[{"name":"wp","href":"https:\/\/api.w.org\/{rel}","templated":true}]}}