{"id":657,"date":"2017-02-09T11:41:41","date_gmt":"2017-02-09T11:41:41","guid":{"rendered":"http:\/\/hirubide.byethost22.com\/?page_id=657"},"modified":"2025-02-12T15:52:44","modified_gmt":"2025-02-12T14:52:44","slug":"normalkuntza","status":"publish","type":"page","link":"https:\/\/www.hirubide.eus\/es\/proiektuak\/normalkuntza\/","title":{"rendered":"Normalizaci\u00f3n"},"content":{"rendered":"<p>El motivo principal del Proyecto de Normalizaci\u00f3n es la situaci\u00f3n socioling\u00fc\u00edstica de nuestro Centro. Nuestro alumnado utiliza el euskara <img loading=\"lazy\" decoding=\"async\" class=\"size-full wp-image-771 alignright\" src=\"http:\/\/hirubide.byethost22.com\/wp-content\/uploads\/2017\/02\/marrazkia_2-2.png\" alt=\"\" width=\"153\" height=\"146\" \/>principalmente como lengua vehicular en el aprendizaje, pero en sus relaciones diarias tiende a utilizar el castellano.<\/p>\n<p>Por ello vemos imprescindible trabajar en este proyecto para subsanar dichas deficiencias. De este modo se pretende motivar el uso del euskara en todos los \u00e1mbitos, tanto en lo acad\u00e9mico como en lo referente a las relaciones personales.<\/p>\n<p>Podeis encontrar m\u00e1s informaci\u00f3n en el blog de Euskara.<\/p>\n","protected":false},"excerpt":{"rendered":"<p>El motivo principal del Proyecto de Normalizaci\u00f3n es la situaci\u00f3n socioling\u00fc\u00edstica de nuestro Centro. Nuestro alumnado utiliza el euskara principalmente como lengua vehicular en el \u2026<\/p>\n","protected":false},"author":13,"featured_media":8598,"parent":308,"menu_order":0,"comment_status":"closed","ping_status":"closed","template":"","meta":{"episode_type":"","audio_file":"","podmotor_file_id":"","podmotor_episode_id":"","cover_image":"","cover_image_id":"","duration":"","filesize":"","filesize_raw":"","date_recorded":"","explicit":"","block":"","itunes_episode_number":"","itunes_title":"","itunes_season_number":"","itunes_episode_type":"","footnotes":""},"class_list":["post-657","page","type-page","status-publish","has-post-thumbnail","hentry"],"translation":{"provider":"WPGlobus","version":"3.0.2","language":"es","enabled_languages":["eu","es"],"languages":{"eu":{"title":true,"content":true,"excerpt":false},"es":{"title":true,"content":true,"excerpt":false}}},"_links":{"self":[{"href":"https:\/\/www.hirubide.eus\/es\/wp-json\/wp\/v2\/pages\/657","targetHints":{"allow":["GET"]}}],"collection":[{"href":"https:\/\/www.hirubide.eus\/es\/wp-json\/wp\/v2\/pages"}],"about":[{"href":"https:\/\/www.hirubide.eus\/es\/wp-json\/wp\/v2\/types\/page"}],"author":[{"embeddable":true,"href":"https:\/\/www.hirubide.eus\/es\/wp-json\/wp\/v2\/users\/13"}],"replies":[{"embeddable":true,"href":"https:\/\/www.hirubide.eus\/es\/wp-json\/wp\/v2\/comments?post=657"}],"version-history":[{"count":9,"href":"https:\/\/www.hirubide.eus\/es\/wp-json\/wp\/v2\/pages\/657\/revisions"}],"predecessor-version":[{"id":2692,"href":"https:\/\/www.hirubide.eus\/es\/wp-json\/wp\/v2\/pages\/657\/revisions\/2692"}],"up":[{"embeddable":true,"href":"https:\/\/www.hirubide.eus\/es\/wp-json\/wp\/v2\/pages\/308"}],"wp:featuredmedia":[{"embeddable":true,"href":"https:\/\/www.hirubide.eus\/es\/wp-json\/wp\/v2\/media\/8598"}],"wp:attachment":[{"href":"https:\/\/www.hirubide.eus\/es\/wp-json\/wp\/v2\/media?parent=657"}],"curies":[{"name":"wp","href":"https:\/\/api.w.org\/{rel}","templated":true}]}}