{"id":3797,"date":"2022-05-24T08:59:40","date_gmt":"2022-05-24T07:59:40","guid":{"rendered":"http:\/\/www.hirubide.eus\/?page_id=3797"},"modified":"2025-01-15T08:51:34","modified_gmt":"2025-01-15T07:51:34","slug":"mini-eramangarriak","status":"publish","type":"page","link":"https:\/\/www.hirubide.eus\/es\/zerbitzuak\/mini-eramangarriak\/","title":{"rendered":"Mini ordenadores"},"content":{"rendered":"\n<p>Los alumnos dispondran de los ordenadores suministrados por el Gobierno Vasco. Aqu\u00ed dispon\u00e9is de la gu\u00eda para su correcto uso:<\/p>\n\n\n\n<p><\/p>\n\n\n\n<p class=\"wp-block-pdfemb-pdf-embedder-viewer\"><\/p>\n\n\n\n<figure class=\"wp-block-embed-pdf-viewer-pdf wp-block-embed-pdf-viewer-pdf__content-wrapper aligncenter\"><object class=\"embed-pdf-viewer\" data=\"https:\/\/www.hirubide.eus\/wp-content\/uploads\/2021\/12\/Ordenagailu-eramangarriak-DBH-1.pdf#scrollbar=1&amp;toolbar=1\" type=\"application\/pdf\" height=\"600\" width=\"600\" title=\"\"><\/object><iframe loading=\"lazy\" class=\"embed-pdf-viewer\" src=\"https:\/\/docs.google.com\/viewer?url=https%3A%2F%2Fwww.hirubide.eus%2Fwp-content%2Fuploads%2F2021%2F12%2FOrdenagailu-eramangarriak-DBH-1.pdf&amp;embedded=true\" frameborder=\"0\" height=\"600\" width=\"600\" title=\"\"><\/iframe><\/figure>\n","protected":false},"excerpt":{"rendered":"<p>Los alumnos dispondran de los ordenadores suministrados por el Gobierno Vasco. Aqu\u00ed dispon\u00e9is de la gu\u00eda para su correcto uso:<\/p>\n","protected":false},"author":10,"featured_media":2883,"parent":321,"menu_order":0,"comment_status":"closed","ping_status":"closed","template":"","meta":{"episode_type":"","audio_file":"","podmotor_file_id":"","podmotor_episode_id":"","cover_image":"","cover_image_id":"","duration":"","filesize":"","filesize_raw":"","date_recorded":"","explicit":"","block":"","itunes_episode_number":"","itunes_title":"","itunes_season_number":"","itunes_episode_type":"","footnotes":""},"class_list":["post-3797","page","type-page","status-publish","has-post-thumbnail","hentry"],"translation":{"provider":"WPGlobus","version":"3.0.2","language":"es","enabled_languages":["eu","es"],"languages":{"eu":{"title":true,"content":true,"excerpt":false},"es":{"title":true,"content":true,"excerpt":false}}},"_links":{"self":[{"href":"https:\/\/www.hirubide.eus\/es\/wp-json\/wp\/v2\/pages\/3797","targetHints":{"allow":["GET"]}}],"collection":[{"href":"https:\/\/www.hirubide.eus\/es\/wp-json\/wp\/v2\/pages"}],"about":[{"href":"https:\/\/www.hirubide.eus\/es\/wp-json\/wp\/v2\/types\/page"}],"author":[{"embeddable":true,"href":"https:\/\/www.hirubide.eus\/es\/wp-json\/wp\/v2\/users\/10"}],"replies":[{"embeddable":true,"href":"https:\/\/www.hirubide.eus\/es\/wp-json\/wp\/v2\/comments?post=3797"}],"version-history":[{"count":7,"href":"https:\/\/www.hirubide.eus\/es\/wp-json\/wp\/v2\/pages\/3797\/revisions"}],"predecessor-version":[{"id":8431,"href":"https:\/\/www.hirubide.eus\/es\/wp-json\/wp\/v2\/pages\/3797\/revisions\/8431"}],"up":[{"embeddable":true,"href":"https:\/\/www.hirubide.eus\/es\/wp-json\/wp\/v2\/pages\/321"}],"wp:featuredmedia":[{"embeddable":true,"href":"https:\/\/www.hirubide.eus\/es\/wp-json\/wp\/v2\/media\/2883"}],"wp:attachment":[{"href":"https:\/\/www.hirubide.eus\/es\/wp-json\/wp\/v2\/media?parent=3797"}],"curies":[{"name":"wp","href":"https:\/\/api.w.org\/{rel}","templated":true}]}}