{"id":35,"date":"2016-12-15T11:48:00","date_gmt":"2016-12-15T11:48:00","guid":{"rendered":"http:\/\/hirubide.school.blog\/aurkezpena\/"},"modified":"2021-10-29T07:37:09","modified_gmt":"2021-10-29T07:37:09","slug":"aurkezpena","status":"publish","type":"page","link":"https:\/\/www.hirubide.eus\/es\/ikastetxea\/aurkezpena\/","title":{"rendered":"Presentaci\u00f3n"},"content":{"rendered":"<p class=\"western\" lang=\"es-ES\">El centro Hirubide recibe alumnos\/as de Ir\u00fan y Hondarribia (barrio de Mendelu). El edificio que acoge nuestro centro ha tenido una larga vida. Naci\u00f3 en 1977 como centro de Ense\u00f1anza Primaria con el nombre de Escuela de Anaka . M\u00e1s tarde con la reforma educativa que implementar\u00eda la ESO, el edificio pas\u00f3 a ser el Instituto de Secundaria Hirubide.<\/p>\n<p class=\"western\" lang=\"es-ES\">Hace dos a\u00f1os y coincidiendo con la reforma de los itinerarios escolares de Ir\u00fan, el edificio que antes perteneciera a la Escuela de Comercio y al que siempre se ha llamado \u201cel Hexagonal \u201c pas\u00f3 a formar parte de los edificios de Hirubide y a albergar a alumnos de primer ciclo de la ESO.<\/p>\n<p class=\"western\" lang=\"es-ES\">Desde su nacimiento han pasado muchos a\u00f1os y ahora estamos inmersos, por un lado, en la renovaci\u00f3n de las instalaciones y por el otro en la renovaci\u00f3n de la metodolog\u00eda pedag\u00f3gica del centro, entre estas metodolog\u00edas el trabajo por proyectos es uno de los objetivos que nos hemos impuesto para que a medio plazo tenga un peso importante dentro de nuestro curr\u00edculo escolar.<\/p>\n<p class=\"western\" lang=\"es-ES\">Los edificios no son s\u00f3lo paredes, tambi\u00e9n son un lugar vivo en el que se llevan a cabo muchas actividades, un espacio seguro en el que nuestros alumnos\/as se sientan bien y donde la labor docente significa atender a todas estas necesidades de nuestros alumnos\/as.<\/p>\n<p><span style=\"font-family: Calibri,sans-serif;\">\u00a0<\/span><\/p>\n","protected":false},"excerpt":{"rendered":"<p>El centro Hirubide recibe alumnos\/as de Ir\u00fan y Hondarribia (barrio de Mendelu). El edificio que acoge nuestro centro ha tenido una larga vida. Naci\u00f3 en \u2026<\/p>\n","protected":false},"author":2,"featured_media":2765,"parent":33,"menu_order":0,"comment_status":"closed","ping_status":"closed","template":"","meta":{"episode_type":"","audio_file":"","podmotor_file_id":"","podmotor_episode_id":"","cover_image":"","cover_image_id":"","duration":"","filesize":"","filesize_raw":"","date_recorded":"","explicit":"","block":"","itunes_episode_number":"","itunes_title":"","itunes_season_number":"","itunes_episode_type":"","footnotes":""},"class_list":["post-35","page","type-page","status-publish","has-post-thumbnail","hentry"],"translation":{"provider":"WPGlobus","version":"3.0.2","language":"es","enabled_languages":["eu","es"],"languages":{"eu":{"title":true,"content":true,"excerpt":false},"es":{"title":true,"content":true,"excerpt":false}}},"_links":{"self":[{"href":"https:\/\/www.hirubide.eus\/es\/wp-json\/wp\/v2\/pages\/35","targetHints":{"allow":["GET"]}}],"collection":[{"href":"https:\/\/www.hirubide.eus\/es\/wp-json\/wp\/v2\/pages"}],"about":[{"href":"https:\/\/www.hirubide.eus\/es\/wp-json\/wp\/v2\/types\/page"}],"author":[{"embeddable":true,"href":"https:\/\/www.hirubide.eus\/es\/wp-json\/wp\/v2\/users\/2"}],"replies":[{"embeddable":true,"href":"https:\/\/www.hirubide.eus\/es\/wp-json\/wp\/v2\/comments?post=35"}],"version-history":[{"count":9,"href":"https:\/\/www.hirubide.eus\/es\/wp-json\/wp\/v2\/pages\/35\/revisions"}],"predecessor-version":[{"id":2771,"href":"https:\/\/www.hirubide.eus\/es\/wp-json\/wp\/v2\/pages\/35\/revisions\/2771"}],"up":[{"embeddable":true,"href":"https:\/\/www.hirubide.eus\/es\/wp-json\/wp\/v2\/pages\/33"}],"wp:featuredmedia":[{"embeddable":true,"href":"https:\/\/www.hirubide.eus\/es\/wp-json\/wp\/v2\/media\/2765"}],"wp:attachment":[{"href":"https:\/\/www.hirubide.eus\/es\/wp-json\/wp\/v2\/media?parent=35"}],"curies":[{"name":"wp","href":"https:\/\/api.w.org\/{rel}","templated":true}]}}