{"id":269,"date":"2016-12-19T18:33:12","date_gmt":"2016-12-19T18:33:12","guid":{"rendered":"http:\/\/localhost\/wordpress\/?page_id=269"},"modified":"2017-02-09T11:01:22","modified_gmt":"2017-02-09T11:01:22","slug":"aja","status":"publish","type":"page","link":"https:\/\/www.hirubide.eus\/es\/ikastetxea\/hezkuntza-proiektua\/aja\/","title":{"rendered":"ROF (Reglamento interno)"},"content":{"rendered":"<p>El Decreto 201\/2008, de 2 de diciembre, sobre derechos y deberes de los alumnos\/as de los centros docentes no universitarios establece en su Disposici\u00f3n Adicional Cuarta, la modificaci\u00f3n de los Reglamentos de Organizaci\u00f3n y Funcionamiento o de R\u00e9gimen Interior, fijando para ello un plazo de seis meses a partir de la publicaci\u00f3n del citado Decreto.<\/p>\n<p>El Reglamento de Organizaci\u00f3n y Funcionamiento (ROF) es un documento propio de los centros p\u00fablicos de ense\u00f1anza no universitaria de la Comunidad Aut\u00f3noma del Pa\u00eds Vasco, cuya obligatoriedad viene impuesta pr el art\u00edculo 29 de la Ley de la Escuela P\u00fablica Vasca.<\/p>\n<p>Este Reglamento tiene que tener como contenido m\u00ednimo lo siguiente:<\/p>\n<ul>\n<li>La definici\u00f3n de la estructura organizativa del centro y de su funcionamiento.<\/li>\n<li>Las normas que garanticen la convivencia y el respeto entre todos los miembros de la comunidad educativa y el uso adecuado de las dependencias e instalaciones.<\/li>\n<li>El r\u00e9gimen de reclamaciones de las evaluaciones.<\/li>\n<\/ul>\n<p><a href=\"http:\/\/hirubide.byethost22.com\/wp-content\/uploads\/2016\/12\/ROF.pdf\">Descargar ROF<\/a><\/p>\n","protected":false},"excerpt":{"rendered":"<p>El Decreto 201\/2008, de 2 de diciembre, sobre derechos y deberes de los alumnos\/as de los centros docentes no universitarios establece en su Disposici\u00f3n Adicional \u2026<\/p>\n","protected":false},"author":13,"featured_media":0,"parent":58,"menu_order":0,"comment_status":"closed","ping_status":"closed","template":"","meta":{"episode_type":"","audio_file":"","podmotor_file_id":"","podmotor_episode_id":"","cover_image":"","cover_image_id":"","duration":"","filesize":"","filesize_raw":"","date_recorded":"","explicit":"","block":"","itunes_episode_number":"","itunes_title":"","itunes_season_number":"","itunes_episode_type":"","footnotes":""},"class_list":["post-269","page","type-page","status-publish","hentry"],"translation":{"provider":"WPGlobus","version":"3.0.2","language":"es","enabled_languages":["eu","es"],"languages":{"eu":{"title":true,"content":true,"excerpt":false},"es":{"title":true,"content":true,"excerpt":false}}},"_links":{"self":[{"href":"https:\/\/www.hirubide.eus\/es\/wp-json\/wp\/v2\/pages\/269","targetHints":{"allow":["GET"]}}],"collection":[{"href":"https:\/\/www.hirubide.eus\/es\/wp-json\/wp\/v2\/pages"}],"about":[{"href":"https:\/\/www.hirubide.eus\/es\/wp-json\/wp\/v2\/types\/page"}],"author":[{"embeddable":true,"href":"https:\/\/www.hirubide.eus\/es\/wp-json\/wp\/v2\/users\/13"}],"replies":[{"embeddable":true,"href":"https:\/\/www.hirubide.eus\/es\/wp-json\/wp\/v2\/comments?post=269"}],"version-history":[{"count":4,"href":"https:\/\/www.hirubide.eus\/es\/wp-json\/wp\/v2\/pages\/269\/revisions"}],"predecessor-version":[{"id":647,"href":"https:\/\/www.hirubide.eus\/es\/wp-json\/wp\/v2\/pages\/269\/revisions\/647"}],"up":[{"embeddable":true,"href":"https:\/\/www.hirubide.eus\/es\/wp-json\/wp\/v2\/pages\/58"}],"wp:attachment":[{"href":"https:\/\/www.hirubide.eus\/es\/wp-json\/wp\/v2\/media?parent=269"}],"curies":[{"name":"wp","href":"https:\/\/api.w.org\/{rel}","templated":true}]}}