{"id":260,"date":"2016-12-19T18:31:23","date_gmt":"2016-12-19T18:31:23","guid":{"rendered":"http:\/\/localhost\/wordpress\/?page_id=260"},"modified":"2025-11-04T12:43:45","modified_gmt":"2025-11-04T11:43:45","slug":"irakasleak","status":"publish","type":"page","link":"https:\/\/www.hirubide.eus\/es\/ikastetxea\/antolamendua\/irakasleak\/","title":{"rendered":"Profesorado"},"content":{"rendered":"\n<figure class=\"wp-block-table is-style-stripes\"><table class=\"has-accent-2-color has-text-color has-link-color has-fixed-layout\"><thead><tr><th><strong>PROFESOR\/A<\/strong><\/th><th>DEPARTAMENTO<\/th><th><strong>TUTO<\/strong>RIA<\/th><th>CARGO<\/th><th>SUSTITUTO\/A<\/th><th>CORREO<\/th><\/tr><\/thead><tbody><tr><td>Agirre Arruti, Alo\u00f1a<\/td><td>\u00c1mbito<\/td><td><\/td><td>Jefa de Departamento<\/td><td><\/td><td><a href=\"mailto:alonaagirre@hirubide.eus\">alonaagirre@hirubide.eus<\/a><\/td><\/tr><tr><td>Alkorta Zeberio, Estibalitz<\/td><td>\u00c1mbito<\/td><td><\/td><td><\/td><td><\/td><td><a href=\"mailto:estialkorta@hirubide.eus\">estialkorta@hirubide.eus<\/a><\/td><\/tr><tr><td>Alvarez Orozco, Mikel<\/td><td>Orientaci\u00f3n<\/td><td><\/td><td><\/td><td><\/td><td><a href=\"mailto:mikelalvarez@hirubide.eus\">mikelalvarez@hirubide.eus<\/a><\/td><\/tr><tr><td>Arana Arsuaga, Idoia<\/td><td>Ciencias<\/td><td>2C<\/td><td><\/td><td><\/td><td><a href=\"mailto:idoiaarana@hirubide.eus\">idoiaarana@hirubide.eus<\/a><\/td><\/tr><tr><td>Aranbarri Larra\u00f1aga, Xabier<\/td><td>Orientaci\u00f3n<\/td><td>3D<\/td><td><\/td><td><\/td><td><a href=\"mailto:xabieraranbarri@hirubide.eus\">xabieraranbarri@hirubide.eus<\/a><\/td><\/tr><tr><td>Arza P\u00e9rez, Esther<\/td><td>Ciencias Sociales<\/td><td><\/td><td>Jefa de Departamento<\/td><td><\/td><td><a href=\"mailto:estherarza@hirubide.eus\">estherarza@hirubide.eus<\/a><\/td><\/tr><tr><td>Arzak Iridoy, Manex<\/td><td>Matem\u00e1ticas-Tecnolog\u00eda<\/td><td><\/td><td><\/td><td><\/td><td><a href=\"mailto:manexarzak@hirubide.eus\">manexarzak@hirubide.eus<\/a><\/td><\/tr><tr><td>Barandiaran Barral, Marta<\/td><td>Filosof\u00eda<\/td><td><\/td><td><\/td><td><\/td><td><a href=\"mailto:martabarandiaran@hirubide.eus\">martabarandiaran@hirubide.eus<\/a><\/td><\/tr><tr><td>Burgos Barrio, Gotzon<\/td><td>Matem\u00e1ticas-Tecnolog\u00eda<\/td><td>3B<\/td><td><\/td><td><\/td><td><a href=\"mailto:gotzonburgos@hirubide.eus\">gotzonburgos@hirubide.eus<\/a><\/td><\/tr><tr><td>Calvo Dia, Maite<\/td><td>Ingl\u00e9s<\/td><td><\/td><td>Jefa de Departamento<\/td><td><\/td><td><a href=\"mailto:maitecalvo@hirubide.eus\">maitecalvo@hirubide.eus<\/a><\/td><\/tr><tr><td>Corral Martin, Ivan<\/td><td>Ingl\u00e9s<\/td><td><\/td><td><\/td><td><\/td><td><a href=\"mailto:ivancorral@hirubide.eus\">ivancorral@hirubide.eus<\/a><\/td><\/tr><tr><td>Del Olmo Ferrero, Kevin<\/td><td>Ciencias<\/td><td>2C<\/td><td><\/td><td><\/td><td><a href=\"mailto:kevindelolmo@hirubide.eus\">kevindelolmo@hirubide.eus<\/a><\/td><\/tr><tr><td>Elorz Lazkanotegi, Tatiana<\/td><td>\u00c1mbito<\/td><td><\/td><td>Secretaria<\/td><td><\/td><td><a href=\"mailto:tatianaelorz@hirubide.eus\">tatianaelorz@hirubide.eus<\/a><\/td><\/tr><tr><td>Esteban Jimenez, Nora<\/td><td>Lengua Castellana<\/td><td><\/td><td><\/td><td><\/td><td><a href=\"mailto:noraesteban@hirubide.eus\">noraesteban@hirubide.eus<\/a><\/td><\/tr><tr><td>Etxarri Fodel, Amaia<\/td><td>Ciencias<\/td><td>4A<\/td><td><\/td><td><\/td><td><a href=\"mailto:amaiaetxarri@hirubide.eus\">amaiaetxarri@hirubide.eus<\/a><\/td><\/tr><tr><td>Gaiton Hernandez, Ane<\/td><td>\u00c1mbito<\/td><td>1A<\/td><td><\/td><td><\/td><td><a href=\"mailto:anegaiton@hirubide.eus\">anegaiton@hirubide.eus<\/a><\/td><\/tr><tr><td>Goicoechea Mena, David<\/td><td>Matem\u00e1ticas-Tecnolog\u00eda<\/td><td><\/td><td><\/td><td><\/td><td><a href=\"mailto:davidgoicoechea@hirubide.eus\">davidgoicoechea@hirubide.eus<\/a><\/td><\/tr><tr><td>Gamero Adame, Faustina<\/td><td>Orientaci\u00f3n<\/td><td><\/td><td><\/td><td><\/td><td><a href=\"mailto:tinagamero@hirubide.eus\">tinagamero@hirubide.eus<\/a><\/td><\/tr><tr><td>Gandarias Ispizua, Leire<\/td><td>Euskera<\/td><td><\/td><td><\/td><td><\/td><td><a href=\"mailto:leiregandarias@hirubide.eus\">leiregandarias@hirubide.eus<\/a><\/td><\/tr><tr><td>Garijo Urbizu, Nora<\/td><td>Ciencias Sociales<\/td><td><\/td><td><\/td><td><\/td><td><a href=\"mailto:noragarijo@hirubide.eus\">noragarijo@hirubide.eus<\/a><\/td><\/tr><tr><td>Gaztelumendi Eguiguren, Irati<\/td><td>Ingl\u00e9s<\/td><td>3C<\/td><td><\/td><td>Susperregi Mujika, Maddi<\/td><td><a href=\"mailto:maddisusperregi@hirubide.eus\">maddisusperregi@hirubide.eus<\/a><\/td><\/tr><tr><td>Guevara Gracenea, I\u00f1igo<\/td><td>Orientaci\u00f3n<\/td><td>4D<\/td><td><\/td><td><\/td><td><a href=\"mailto:inigogebara@hirubide.eus\">inigogebara@hirubide.eus<\/a><\/td><\/tr><tr><td>Herrero Garmendia, Amaia<\/td><td>Ciencias<\/td><td>4A<\/td><td>Jefa de Departamento<\/td><td><\/td><td><a href=\"mailto:amaiaherrero@hirubide.eus\">amaiaherrero@hirubide.eus<\/a><\/td><\/tr><tr><td>Iceta Amilibia, Maddi<\/td><td>Matem\u00e1ticas-Tecnolog\u00eda<\/td><td><\/td><td>Jefa de Departamento<\/td><td><\/td><td><a href=\"mailto:maddiiceta@hirubide.eus\">maddiiceta@hirubide.eus<\/a><\/td><\/tr><tr><td>Insausti Falque, Irati<\/td><td>Orientaci\u00f3n<\/td><td>G.E.<\/td><td><\/td><td><\/td><td><a href=\"mailto:iratiinsausti@hirubide.eus\">iratiinsausti@hirubide.eus<\/a><\/td><\/tr><tr><td>Irastorza Adin, Amaiur<\/td><td>Euskera<\/td><td><\/td><td><\/td><td><\/td><td><a href=\"mailto:amaiurirastorza@hirubide.eus\">amaiurirastorza@hirubide.eus<\/a><\/td><\/tr><tr><td>Irazu Hernandez, Oihan<\/td><td>Ciencias<\/td><td><\/td><td><\/td><td><\/td><td><a href=\"mailto:oihanirazu@hirubide.eus\">oihanirazu@hirubide.eus<\/a><\/td><\/tr><tr><td>Iza Echegaray, Juncal<\/td><td>Euskera<\/td><td><\/td><td><\/td><td><\/td><td><a href=\"mailto:juncaliza@hirubide.eus\">juncaliza@hirubide.eus<\/a><\/td><\/tr><tr><td>Jimenez Varela, Afrika<\/td><td>Orientaci\u00f3n<\/td><td><\/td><td>Jefa de Departamento<\/td><td><\/td><td><a href=\"mailto:afrikajimenez@hirubide.eus\">afrikajimenez@hirubide.eus<\/a><\/td><\/tr><tr><td>Kanpandegi Mitxelena, Oihana<\/td><td>Orientaci\u00f3n<\/td><td><\/td><td><\/td><td><\/td><td><a href=\"mailto:oihanakanpandegi@hirubide.eus\">oihanakanpandegi@hirubide.eus<\/a><\/td><\/tr><tr><td>Labaien Gorospe, Aratz<\/td><td>Euskera<\/td><td><\/td><td><\/td><td><\/td><td><a href=\"mailto:aratzlabaien@hirubide.eus\">aratzlabaien@hirubide.eus<\/a><\/td><\/tr><tr><td>Laburu Rezola, Maddalen<\/td><td>Ciencias Sociales<\/td><td>2A<\/td><td><\/td><td><\/td><td><a href=\"mailto:maddalenlaburu@hirubide.eus\">maddalenlaburu@hirubide.eus<\/a><\/td><\/tr><tr><td>Lanz Garc\u00eda, Miren Lourdes<\/td><td>Educaci\u00f3n F\u00edsica-Pl\u00e1stica<\/td><td>2B<\/td><td><\/td><td><\/td><td><a href=\"mailto:mirenlanz@hirubide.eus\">mirenlanz@hirubide.eus<\/a><\/td><\/tr><tr><td>Larruscain Sarasola, Jaso<\/td><td>Matem\u00e1ticas-Teknologia<\/td><td><\/td><td>Director<\/td><td><\/td><td><a href=\"mailto:jasolarruskain@hirubide.eus\">jasolarruskain@hirubide.eus<\/a><\/td><\/tr><tr><td>L\u00f3pez de Munain Igueregui, Zaloa<\/td><td>Euskera<\/td><td>4B<\/td><td><\/td><td><\/td><td><a href=\"mailto:zaloalopezdemunain@hirubide.eus\">zaloalopezdemunain@hirubide.eus<\/a><\/td><\/tr><tr><td>Lujambio Etxabe, Ixiar<\/td><td>\u00c1mbito<\/td><td>1C<\/td><td><\/td><td><\/td><td><a href=\"mailto:ixiarlujambio@hirubide.eus\">ixiarlujambio@hirubide.eus<\/a><\/td><\/tr><tr><td>Martinez Gonz\u00e1lez, Eider<\/td><td>Orientaci\u00f3n<\/td><td><\/td><td><\/td><td><\/td><td><a href=\"mailto:eidermartinez@hirubide.eus\">eidermartinez@hirubide.eus<\/a><\/td><\/tr><tr><td>Maquibar Landa, Patxi<\/td><td>Orientaci\u00f3n<\/td><td>3D<\/td><td><\/td><td><\/td><td><a href=\"mailto:patximaquibar@hirubide.eus\">patximaquibar@hirubide.eus<\/a><\/td><\/tr><tr><td>Nogueras Erquicia, Mar\u00eda Lourdes<\/td><td>Euskera<\/td><td><\/td><td>Jefa de Departamento<\/td><td><\/td><td><a href=\"mailto:lourdesnogueras@hirubide.eus\">lourdesnogueras@hirubide.eus<\/a><\/td><\/tr><tr><td>Olazabal Donato de L\u00f3pez, Marisa<\/td><td>Educaci\u00f3n F\u00edsica-Pl\u00e1stica<\/td><td><\/td><td><\/td><td><\/td><td><a href=\"mailto:marisaolazabal@hirubide.eus\">marisaolazabal@hirubide.eus<\/a><br><\/td><\/tr><tr><td>Plaza Ayerdi, Ainhoa<\/td><td>Ciencias<\/td><td><\/td><td><\/td><td>Blanco Pe\u00f1a, Ane<\/td><td><a href=\"mailto:aneblanco@hirubide.eus\">aneblanco@hirubide.eus<\/a><\/td><\/tr><tr><td>Puertas Marco, Amaia<\/td><td>Orientaci\u00f3n<\/td><td>G.E.<\/td><td><\/td><td><\/td><td><a href=\"mailto:amaiapuertas@hirubide.eus\">amaiapuertas@hirubide.eus<\/a><\/td><\/tr><tr><td>Sanchez V\u00e1zquez, Ander<\/td><td>Educaci\u00f3n F\u00edsica-Pl\u00e1stica<\/td><td><\/td><td><\/td><td><\/td><td><a href=\"mailto:andersanchez@hirubide.eus\">andersanchez@hirubide.eus<\/a><\/td><\/tr><tr><td>Suberviola Zumalde, Igor<\/td><td>Euskara<\/td><td>2A<\/td><td><\/td><td><\/td><td><a href=\"mailto:igorsuberviola@hirubide.eus\">igorsuberviola@hirubide.eus<\/a><\/td><\/tr><tr><td>Ugartemendia Ochoa de Alaiza, Larraitz<\/td><td>Educaci\u00f3n F\u00edsica-Pl\u00e1stica<\/td><td><\/td><td>Jefa de Departamento<\/td><td><\/td><td><a href=\"mailto:larraitzugartemendia@hirubide.eus\">larraitzugartemendia@hirubide.eus<\/a><\/td><\/tr><tr><td>Urresti Ortiz, Imanol<\/td><td>Ingelesa<\/td><td><\/td><td>Jefe de Estudios<\/td><td><\/td><td><a href=\"mailto:imanolurresti@hirubide.eus\">imanolurresti@hirubide.eus<\/a><\/td><\/tr><tr><td>Valero Jauregi, Sonia<\/td><td>Lengua Castellana<\/td><td>2B<\/td><td><\/td><td>Satrustegi Cordier, Antton<\/td><td><a href=\"mailto:anttonsatrustegi@hirubide.eus\">anttonsatrustegi@hirubide.eus<\/a><\/td><\/tr><tr><td>Villanueva Juncal, Arantxa<\/td><td>Lengua Castellana<\/td><td><\/td><td><\/td><td>Mart\u00edn Merino, Ainhoa<\/td><td><a href=\"mailto:arantzavillanueva@hirubide.eus\">arantzavillanueva@hirubide.eus<\/a><br><a href=\"mailto:ainhoamartin@hirubide.eus\">ainhoamartin@hirubide.eus<\/a><\/td><\/tr><tr><td>Vazquez Royo, Guzman<\/td><td>Orientaci\u00f3n<\/td><td>4D<\/td><td><\/td><td><\/td><td><a href=\"mailto:guzmanvazquez@hirubide.eus\">guzmanvazquez@hirubide.eus<\/a><\/td><\/tr><tr><td>Villegas Campo, Sara<\/td><td>Filosof\u00eda<\/td><td>1D<\/td><td>Jefa de Departamento<\/td><td><\/td><td><a href=\"mailto:saravillegas@hirubide.eus\">saravillegas@hirubide.eus<\/a><\/td><\/tr><tr><td>Zabalo Arrieta, Yolanda<\/td><td>Lengua Castellana<\/td><td><\/td><td>Jefa de Departamento<\/td><td><\/td><td><a href=\"mailto:yolandazabalo@hirubide.eus\">yolandazabalo@hirubide.eus<\/a><\/td><\/tr><tr><td>Zubillaga Larralde, M\u00aa Lourdes<\/td><td>Matem\u00e1ticas-Tecnolog\u00eda<\/td><td>3A<\/td><td><\/td><td><\/td><td><a href=\"mailto:lourdeszubillaga@hirubide.eus\">lourdeszubillaga@hirubide.eus<\/a><\/td><\/tr><\/tbody><\/table><\/figure>\n","protected":false},"excerpt":{"rendered":"<p>PROFESOR\/A DEPARTAMENTO TUTORIA CARGO SUSTITUTO\/A CORREO Agirre Arruti, Alo\u00f1a \u00c1mbito Jefa de Departamento alonaagirre@hirubide.eus Alkorta Zeberio, Estibalitz \u00c1mbito estialkorta@hirubide.eus Alvarez Orozco, Mikel Orientaci\u00f3n mikelalvarez@hirubide.eus Arana \u2026<\/p>\n","protected":false},"author":13,"featured_media":8451,"parent":51,"menu_order":0,"comment_status":"closed","ping_status":"closed","template":"","meta":{"episode_type":"","audio_file":"","podmotor_file_id":"","podmotor_episode_id":"","cover_image":"","cover_image_id":"","duration":"","filesize":"","filesize_raw":"","date_recorded":"","explicit":"","block":"","itunes_episode_number":"","itunes_title":"","itunes_season_number":"","itunes_episode_type":"","footnotes":""},"class_list":["post-260","page","type-page","status-publish","has-post-thumbnail","hentry"],"translation":{"provider":"WPGlobus","version":"3.0.2","language":"es","enabled_languages":["eu","es"],"languages":{"eu":{"title":true,"content":true,"excerpt":false},"es":{"title":true,"content":true,"excerpt":false}}},"_links":{"self":[{"href":"https:\/\/www.hirubide.eus\/es\/wp-json\/wp\/v2\/pages\/260","targetHints":{"allow":["GET"]}}],"collection":[{"href":"https:\/\/www.hirubide.eus\/es\/wp-json\/wp\/v2\/pages"}],"about":[{"href":"https:\/\/www.hirubide.eus\/es\/wp-json\/wp\/v2\/types\/page"}],"author":[{"embeddable":true,"href":"https:\/\/www.hirubide.eus\/es\/wp-json\/wp\/v2\/users\/13"}],"replies":[{"embeddable":true,"href":"https:\/\/www.hirubide.eus\/es\/wp-json\/wp\/v2\/comments?post=260"}],"version-history":[{"count":75,"href":"https:\/\/www.hirubide.eus\/es\/wp-json\/wp\/v2\/pages\/260\/revisions"}],"predecessor-version":[{"id":10217,"href":"https:\/\/www.hirubide.eus\/es\/wp-json\/wp\/v2\/pages\/260\/revisions\/10217"}],"up":[{"embeddable":true,"href":"https:\/\/www.hirubide.eus\/es\/wp-json\/wp\/v2\/pages\/51"}],"wp:featuredmedia":[{"embeddable":true,"href":"https:\/\/www.hirubide.eus\/es\/wp-json\/wp\/v2\/media\/8451"}],"wp:attachment":[{"href":"https:\/\/www.hirubide.eus\/es\/wp-json\/wp\/v2\/media?parent=260"}],"curies":[{"name":"wp","href":"https:\/\/api.w.org\/{rel}","templated":true}]}}