{"id":199,"date":"2016-12-16T19:04:25","date_gmt":"2016-12-16T19:04:25","guid":{"rendered":"http:\/\/localhost\/wordpress\/?page_id=199"},"modified":"2021-10-29T07:42:54","modified_gmt":"2021-10-29T07:42:54","slug":"liburutegia","status":"publish","type":"page","link":"https:\/\/www.hirubide.eus\/es\/zerbitzuak\/liburutegia\/","title":{"rendered":"Biblioteca"},"content":{"rendered":"<p>Nuestro objetivo es que la biblioteca sea un lugar para buscar informaci\u00f3n, realizar consultas y leer.<\/p>\n<p>Queremos que la biblioteca sea un lugar para compartir, al cual toda la comunidad educativa pueda acudir para trabajar la costumbre de leer. Queremos potenciar el habito de lectura, trabajando la comprensi\u00f3n de textos y la transformaci\u00f3n de la informaci\u00f3n.<\/p>\n<p>Al mismo tiempo, queremos que se convierta en lugar de ocio para los recreos y horas del comedor.<\/p>\n<hr \/>\n<p>Para que todos los alumnos puedan hacer los deberes o cualquier tipo de trabajo tenemos a su disposici\u00f3n 3 ordenadores en el horario que pod\u00e9is consultar debajo:<\/p>\n<hr \/>\n<h4>HORARIO DE LA BIBLIOTECA<\/h4>\n<p><img loading=\"lazy\" decoding=\"async\" class=\"alignnone size-full wp-image-677\" src=\"http:\/\/hirubide.byethost22.com\/wp-content\/uploads\/2016\/12\/Ordutegia-libuu-GAZT.jpeg\" alt=\"\" width=\"652\" height=\"374\" srcset=\"https:\/\/www.hirubide.eus\/wp-content\/uploads\/2016\/12\/Ordutegia-libuu-GAZT.jpeg 652w, https:\/\/www.hirubide.eus\/wp-content\/uploads\/2016\/12\/Ordutegia-libuu-GAZT-300x172.jpeg 300w\" sizes=\"auto, (max-width: 652px) 100vw, 652px\" \/><\/p>\n<p><a href=\"http:\/\/opacabies.eus\/catalogos\/gipuzkoa\/hirubidebhi\/index.php\">Consultar el cat\u00e1logo de la biblioteca<\/a><\/p>\n","protected":false},"excerpt":{"rendered":"<p>Nuestro objetivo es que la biblioteca sea un lugar para buscar informaci\u00f3n, realizar consultas y leer. Queremos que la biblioteca sea un lugar para compartir, \u2026<\/p>\n","protected":false},"author":13,"featured_media":2767,"parent":321,"menu_order":0,"comment_status":"closed","ping_status":"closed","template":"","meta":{"episode_type":"","audio_file":"","podmotor_file_id":"","podmotor_episode_id":"","cover_image":"","cover_image_id":"","duration":"","filesize":"","filesize_raw":"","date_recorded":"","explicit":"","block":"","itunes_episode_number":"","itunes_title":"","itunes_season_number":"","itunes_episode_type":"","footnotes":""},"class_list":["post-199","page","type-page","status-publish","has-post-thumbnail","hentry"],"translation":{"provider":"WPGlobus","version":"3.0.2","language":"es","enabled_languages":["eu","es"],"languages":{"eu":{"title":true,"content":true,"excerpt":false},"es":{"title":true,"content":true,"excerpt":false}}},"_links":{"self":[{"href":"https:\/\/www.hirubide.eus\/es\/wp-json\/wp\/v2\/pages\/199","targetHints":{"allow":["GET"]}}],"collection":[{"href":"https:\/\/www.hirubide.eus\/es\/wp-json\/wp\/v2\/pages"}],"about":[{"href":"https:\/\/www.hirubide.eus\/es\/wp-json\/wp\/v2\/types\/page"}],"author":[{"embeddable":true,"href":"https:\/\/www.hirubide.eus\/es\/wp-json\/wp\/v2\/users\/13"}],"replies":[{"embeddable":true,"href":"https:\/\/www.hirubide.eus\/es\/wp-json\/wp\/v2\/comments?post=199"}],"version-history":[{"count":8,"href":"https:\/\/www.hirubide.eus\/es\/wp-json\/wp\/v2\/pages\/199\/revisions"}],"predecessor-version":[{"id":2775,"href":"https:\/\/www.hirubide.eus\/es\/wp-json\/wp\/v2\/pages\/199\/revisions\/2775"}],"up":[{"embeddable":true,"href":"https:\/\/www.hirubide.eus\/es\/wp-json\/wp\/v2\/pages\/321"}],"wp:featuredmedia":[{"embeddable":true,"href":"https:\/\/www.hirubide.eus\/es\/wp-json\/wp\/v2\/media\/2767"}],"wp:attachment":[{"href":"https:\/\/www.hirubide.eus\/es\/wp-json\/wp\/v2\/media?parent=199"}],"curies":[{"name":"wp","href":"https:\/\/api.w.org\/{rel}","templated":true}]}}