{"id":196,"date":"2016-12-16T19:02:14","date_gmt":"2016-12-16T19:02:14","guid":{"rendered":"http:\/\/localhost\/wordpress\/?page_id=196"},"modified":"2024-01-24T10:55:27","modified_gmt":"2024-01-24T09:55:27","slug":"jangela","status":"publish","type":"page","link":"https:\/\/www.hirubide.eus\/es\/zerbitzuak\/jangela\/","title":{"rendered":"Comedor"},"content":{"rendered":"\n<p><strong>NORMATIVA Y ORGANIZACI\u00d3N DEL COMEDOR<\/strong><\/p>\n\n\n\n<p>El comedor, al ser un servicio m\u00e1s del instituto, se debe seguir su normativa. El <a href=\"http:\/\/www.hirubide.eus\/wp-content\/uploads\/2019\/06\/JANGELA-ARAUDIA-1.pdf\">reglamento del comedor<\/a> est\u00e1 aprobado en el Consejo Escolar.<\/p>\n\n\n\n<p>En caso de querer comer ocasionalmente, la solicitud deber\u00e1 realizarse  48h antes del d\u00eda del servicio, antes de las 14:00horas.<\/p>\n\n\n\n<p><a href=\"https:\/\/drive.google.com\/drive\/folders\/1V7IbWqOioZzL5S8GHh_8VvCXV3q2e4U5\">MEN\u00daS<\/a><\/p>\n","protected":false},"excerpt":{"rendered":"<p>NORMATIVA Y ORGANIZACI\u00d3N DEL COMEDOR El comedor, al ser un servicio m\u00e1s del instituto, se debe seguir su normativa. El reglamento del comedor est\u00e1 aprobado \u2026<\/p>\n","protected":false},"author":13,"featured_media":2761,"parent":321,"menu_order":0,"comment_status":"closed","ping_status":"closed","template":"","meta":{"episode_type":"","audio_file":"","podmotor_file_id":"","podmotor_episode_id":"","cover_image":"","cover_image_id":"","duration":"","filesize":"","filesize_raw":"","date_recorded":"","explicit":"","block":"","itunes_episode_number":"","itunes_title":"","itunes_season_number":"","itunes_episode_type":"","footnotes":""},"class_list":["post-196","page","type-page","status-publish","has-post-thumbnail","hentry"],"translation":{"provider":"WPGlobus","version":"3.0.2","language":"es","enabled_languages":["eu","es"],"languages":{"eu":{"title":true,"content":true,"excerpt":false},"es":{"title":true,"content":true,"excerpt":false}}},"_links":{"self":[{"href":"https:\/\/www.hirubide.eus\/es\/wp-json\/wp\/v2\/pages\/196","targetHints":{"allow":["GET"]}}],"collection":[{"href":"https:\/\/www.hirubide.eus\/es\/wp-json\/wp\/v2\/pages"}],"about":[{"href":"https:\/\/www.hirubide.eus\/es\/wp-json\/wp\/v2\/types\/page"}],"author":[{"embeddable":true,"href":"https:\/\/www.hirubide.eus\/es\/wp-json\/wp\/v2\/users\/13"}],"replies":[{"embeddable":true,"href":"https:\/\/www.hirubide.eus\/es\/wp-json\/wp\/v2\/comments?post=196"}],"version-history":[{"count":20,"href":"https:\/\/www.hirubide.eus\/es\/wp-json\/wp\/v2\/pages\/196\/revisions"}],"predecessor-version":[{"id":7038,"href":"https:\/\/www.hirubide.eus\/es\/wp-json\/wp\/v2\/pages\/196\/revisions\/7038"}],"up":[{"embeddable":true,"href":"https:\/\/www.hirubide.eus\/es\/wp-json\/wp\/v2\/pages\/321"}],"wp:featuredmedia":[{"embeddable":true,"href":"https:\/\/www.hirubide.eus\/es\/wp-json\/wp\/v2\/media\/2761"}],"wp:attachment":[{"href":"https:\/\/www.hirubide.eus\/es\/wp-json\/wp\/v2\/media?parent=196"}],"curies":[{"name":"wp","href":"https:\/\/api.w.org\/{rel}","templated":true}]}}