{"id":1437,"date":"2019-06-11T12:37:06","date_gmt":"2019-06-11T12:37:06","guid":{"rendered":"http:\/\/www.hirubide.eus\/?page_id=1437"},"modified":"2025-12-05T10:33:28","modified_gmt":"2025-12-05T09:33:28","slug":"hedatze","status":"publish","type":"page","link":"https:\/\/www.hirubide.eus\/es\/hezkuntza-eskaintza\/hedatze\/","title":{"rendered":"Hedatze"},"content":{"rendered":"\n<p>Teniendo en cuenta los retos que plantea la educaci\u00f3n del siglo XXI, es imprescindible crear proyectos innovadores y eficaces que enriquezcan las pr\u00e1cticas de ense\u00f1anza-aprendizaje en nuestro centro.En este contexto, Hedatze naci\u00f3 en 2022 como heredero del proyecto Hauspoa, como un proyecto educativo igualitario, inclusivo y de calidad, que tiene como pilares el desarrollo de las competencias.<\/p>\n\n\n\n<p>La finalidad del centro es contribuir al bienestar del alumnado a la consecuci\u00f3n del \u00e9xito educativo, se abre la posibilidad de combinar horas lectivas con momentos educativos no lectivos en las horas de Hedatze.<\/p>\n\n\n\n<p>Coincidiendo con la idiosincrasia de Hirubide, nuestros objetivos son:<\/p>\n\n\n\n<ul class=\"wp-block-list\">\n<li>Atenci\u00f3n espec\u00edfica al alumnado y refuerzo acad\u00e9mico. <\/li>\n\n\n\n<li>Proporcionar oportunidades de ocio que desarrollen una responsabilidad social en la medida en que sean miembros de la comunidad de aprendizaje y de la sociedad en general. <\/li>\n\n\n\n<li>Fomentar la adhesi\u00f3n al euskera en el contexto formal y no formal.<\/li>\n\n\n\n<li>Mejora de la convivencia.<\/li>\n\n\n\n<li>Desarrollo integral del alumnado.<\/li>\n\n\n\n<li>Acercar al alumnado los agentes y recursos que ofrece la sociedad para crear una comunidad s\u00f3lida de aprendizaje.<\/li>\n<\/ul>\n\n\n\n<p>Los horarios de las clases de apoyo Hedatze del curso 2025-2026 ser\u00e1n los que aparecen en la tabla de abajo. Los horarios de los talleres l\u00fadicos se har\u00e1n saber a principios del curso.<\/p>\n\n\n\n<figure class=\"wp-block-table\"><table class=\"has-fixed-layout\"><tbody><tr><td class=\"has-text-align-center\" data-align=\"center\" colspan=\"5\"><strong>HEDATZE 25-26 <\/strong><\/td><\/tr><tr><td class=\"has-text-align-center\" data-align=\"center\"><strong>OCTUBRE-ENERO<\/strong><\/td><td class=\"has-text-align-center\" data-align=\"center\"><strong>LUNES<\/strong><\/td><td class=\"has-text-align-center\" data-align=\"center\"><strong>MARTES<\/strong><\/td><td class=\"has-text-align-center\" data-align=\"center\"><strong>MI\u00c9RCOLES<\/strong><\/td><td class=\"has-text-align-center\" data-align=\"center\"><strong>JUEVES<\/strong><\/td><\/tr><tr><td class=\"has-text-align-center\" data-align=\"center\">14:30-15:30<\/td><td class=\"has-text-align-center\" data-align=\"center\">Geografia e Historia<br>M\u00fasica<\/td><td class=\"has-text-align-center\" data-align=\"center\">Euskara<\/td><td class=\"has-text-align-center\" data-align=\"center\"><\/td><td class=\"has-text-align-center\" data-align=\"center\">Ciencias<br>Educaci\u00f3n F\u00edsica<\/td><\/tr><tr><td class=\"has-text-align-center\" data-align=\"center\">15:30-16:30<\/td><td class=\"has-text-align-center\" data-align=\"center\">Ingl\u00e9s<br>Pl\u00e1stica<br>Orientaci\u00f3n<\/td><td class=\"has-text-align-center\" data-align=\"center\">Lengua castellana<br>Franc\u00e9s<\/td><td class=\"has-text-align-center\" data-align=\"center\"><\/td><td class=\"has-text-align-center\" data-align=\"center\">Matem\u00e1tica<br>Tecnolog\u00eda<\/td><\/tr><\/tbody><\/table><\/figure>\n\n\n\n<figure class=\"wp-block-table\"><table class=\"has-fixed-layout\"><tbody><tr><td class=\"has-text-align-center\" data-align=\"center\" colspan=\"5\"><strong>HEDATZE 25-26<\/strong><\/td><\/tr><tr><td class=\"has-text-align-center\" data-align=\"center\"><strong> FEBRERO-MAYO<\/strong><\/td><td class=\"has-text-align-center\" data-align=\"center\"><strong>LUNES<\/strong><\/td><td class=\"has-text-align-center\" data-align=\"center\"><strong>MARTES<\/strong><\/td><td class=\"has-text-align-center\" data-align=\"center\"><strong>MI\u00c9RCOLES<\/strong><\/td><td class=\"has-text-align-center\" data-align=\"center\"><strong>JUEVES<\/strong><\/td><\/tr><tr><td class=\"has-text-align-center\" data-align=\"center\">14:30-15:30<\/td><td class=\"has-text-align-center\" data-align=\"center\">Ingl\u00e9s<br>Pl\u00e1stica<br>Orientaci\u00f3n<\/td><td class=\"has-text-align-center\" data-align=\"center\">Lengua castellana<br>Franc\u00e9s<\/td><td class=\"has-text-align-center\" data-align=\"center\"><\/td><td class=\"has-text-align-center\" data-align=\"center\">Matem\u00e1tica<br>Tecnolog\u00eda<\/td><\/tr><tr><td class=\"has-text-align-center\" data-align=\"center\">15:30-16:30<\/td><td class=\"has-text-align-center\" data-align=\"center\">Geografia e Historia<br>M\u00fasica<\/td><td class=\"has-text-align-center\" data-align=\"center\">Euskara<\/td><td class=\"has-text-align-center\" data-align=\"center\"><\/td><td class=\"has-text-align-center\" data-align=\"center\">Ciencias<br>Educaci\u00f3n F\u00edsica<\/td><\/tr><\/tbody><\/table><\/figure>\n\n\n\n<p>Estos son los talleres l\u00fadicos de Hedatze 2025-2026:<\/p>\n\n\n\n<figure class=\"wp-block-gallery has-nested-images columns-default is-cropped wp-block-gallery-1 is-layout-flex wp-block-gallery-is-layout-flex\">\n<figure class=\"wp-block-image size-full\"><img loading=\"lazy\" decoding=\"async\" width=\"724\" height=\"1024\" data-id=\"10363\" src=\"https:\/\/www.hirubide.eus\/wp-content\/uploads\/2025\/11\/724-1024-1.png\" alt=\"\" class=\"wp-image-10363\" \/><\/figure>\n\n\n\n<figure class=\"wp-block-image size-full\"><img loading=\"lazy\" decoding=\"async\" width=\"724\" height=\"1024\" data-id=\"10362\" src=\"https:\/\/www.hirubide.eus\/wp-content\/uploads\/2025\/11\/724-1024.png\" alt=\"\" class=\"wp-image-10362\" \/><\/figure>\n\n\n\n<figure class=\"wp-block-image size-full\"><img loading=\"lazy\" decoding=\"async\" width=\"1587\" height=\"2245\" data-id=\"10361\" src=\"https:\/\/www.hirubide.eus\/wp-content\/uploads\/2025\/11\/Blue-Orange-Modern-Illustrated-School-Sports-Festival-Invitation-Poster3.png\" alt=\"\" class=\"wp-image-10361\" \/><\/figure>\n<\/figure>\n\n\n\n<p><\/p>\n","protected":false},"excerpt":{"rendered":"<p>Teniendo en cuenta los retos que plantea la educaci\u00f3n del siglo XXI, es imprescindible crear proyectos innovadores y eficaces que enriquezcan las pr\u00e1cticas de ense\u00f1anza-aprendizaje \u2026<\/p>\n","protected":false},"author":13,"featured_media":10339,"parent":315,"menu_order":0,"comment_status":"closed","ping_status":"closed","template":"","meta":{"episode_type":"","audio_file":"","podmotor_file_id":"","podmotor_episode_id":"","cover_image":"","cover_image_id":"","duration":"","filesize":"","filesize_raw":"","date_recorded":"","explicit":"","block":"","itunes_episode_number":"","itunes_title":"","itunes_season_number":"","itunes_episode_type":"","footnotes":""},"class_list":["post-1437","page","type-page","status-publish","has-post-thumbnail","hentry"],"translation":{"provider":"WPGlobus","version":"3.0.2","language":"es","enabled_languages":["eu","es"],"languages":{"eu":{"title":true,"content":true,"excerpt":false},"es":{"title":true,"content":true,"excerpt":false}}},"_links":{"self":[{"href":"https:\/\/www.hirubide.eus\/es\/wp-json\/wp\/v2\/pages\/1437","targetHints":{"allow":["GET"]}}],"collection":[{"href":"https:\/\/www.hirubide.eus\/es\/wp-json\/wp\/v2\/pages"}],"about":[{"href":"https:\/\/www.hirubide.eus\/es\/wp-json\/wp\/v2\/types\/page"}],"author":[{"embeddable":true,"href":"https:\/\/www.hirubide.eus\/es\/wp-json\/wp\/v2\/users\/13"}],"replies":[{"embeddable":true,"href":"https:\/\/www.hirubide.eus\/es\/wp-json\/wp\/v2\/comments?post=1437"}],"version-history":[{"count":100,"href":"https:\/\/www.hirubide.eus\/es\/wp-json\/wp\/v2\/pages\/1437\/revisions"}],"predecessor-version":[{"id":10523,"href":"https:\/\/www.hirubide.eus\/es\/wp-json\/wp\/v2\/pages\/1437\/revisions\/10523"}],"up":[{"embeddable":true,"href":"https:\/\/www.hirubide.eus\/es\/wp-json\/wp\/v2\/pages\/315"}],"wp:featuredmedia":[{"embeddable":true,"href":"https:\/\/www.hirubide.eus\/es\/wp-json\/wp\/v2\/media\/10339"}],"wp:attachment":[{"href":"https:\/\/www.hirubide.eus\/es\/wp-json\/wp\/v2\/media?parent=1437"}],"curies":[{"name":"wp","href":"https:\/\/api.w.org\/{rel}","templated":true}]}}