{"id":143,"date":"2016-12-16T06:54:12","date_gmt":"2016-12-16T06:54:12","guid":{"rendered":"http:\/\/localhost\/wordpress\/?page_id=143"},"modified":"2017-03-14T08:05:04","modified_gmt":"2017-03-14T08:05:04","slug":"elkarbizitza","status":"publish","type":"page","link":"https:\/\/www.hirubide.eus\/es\/proiektuak\/elkarbizitza\/","title":{"rendered":"Convivencia"},"content":{"rendered":"<p>Estos \u00faltimos a\u00f1os hemos trabajado mucho para mejorar nuestra convivencia: hemos elaborado un plan, normas, el observatorio, los c\u00edrculos, etc. Somos plurales y nos gusta. Superamos nuestros conflictos y llegamos a acuerdos. No siempre es f\u00e1cil, pero tenemos muy claro que en Hirubide convivencia es m\u00e1s que una palabra: por encima de todo, es la voluntad de compartir la vida en com\u00fan.<\/p>\n<p><a href=\"http:\/\/hirubide.byethost22.com\/wp-content\/uploads\/2016\/12\/ELKARBIZITZA-PLANA..pdf\">Descargar el plan de convivencia (En euskara)<\/a><\/p>\n","protected":false},"excerpt":{"rendered":"<p>Estos \u00faltimos a\u00f1os hemos trabajado mucho para mejorar nuestra convivencia: hemos elaborado un plan, normas, el observatorio, los c\u00edrculos, etc. Somos plurales y nos gusta. \u2026<\/p>\n","protected":false},"author":13,"featured_media":654,"parent":308,"menu_order":0,"comment_status":"closed","ping_status":"closed","template":"","meta":{"episode_type":"","audio_file":"","podmotor_file_id":"","podmotor_episode_id":"","cover_image":"","cover_image_id":"","duration":"","filesize":"","filesize_raw":"","date_recorded":"","explicit":"","block":"","itunes_episode_number":"","itunes_title":"","itunes_season_number":"","itunes_episode_type":"","footnotes":""},"class_list":["post-143","page","type-page","status-publish","has-post-thumbnail","hentry"],"translation":{"provider":"WPGlobus","version":"3.0.2","language":"es","enabled_languages":["eu","es"],"languages":{"eu":{"title":true,"content":true,"excerpt":false},"es":{"title":true,"content":true,"excerpt":false}}},"_links":{"self":[{"href":"https:\/\/www.hirubide.eus\/es\/wp-json\/wp\/v2\/pages\/143","targetHints":{"allow":["GET"]}}],"collection":[{"href":"https:\/\/www.hirubide.eus\/es\/wp-json\/wp\/v2\/pages"}],"about":[{"href":"https:\/\/www.hirubide.eus\/es\/wp-json\/wp\/v2\/types\/page"}],"author":[{"embeddable":true,"href":"https:\/\/www.hirubide.eus\/es\/wp-json\/wp\/v2\/users\/13"}],"replies":[{"embeddable":true,"href":"https:\/\/www.hirubide.eus\/es\/wp-json\/wp\/v2\/comments?post=143"}],"version-history":[{"count":5,"href":"https:\/\/www.hirubide.eus\/es\/wp-json\/wp\/v2\/pages\/143\/revisions"}],"predecessor-version":[{"id":151,"href":"https:\/\/www.hirubide.eus\/es\/wp-json\/wp\/v2\/pages\/143\/revisions\/151"}],"up":[{"embeddable":true,"href":"https:\/\/www.hirubide.eus\/es\/wp-json\/wp\/v2\/pages\/308"}],"wp:featuredmedia":[{"embeddable":true,"href":"https:\/\/www.hirubide.eus\/es\/wp-json\/wp\/v2\/media\/654"}],"wp:attachment":[{"href":"https:\/\/www.hirubide.eus\/es\/wp-json\/wp\/v2\/media?parent=143"}],"curies":[{"name":"wp","href":"https:\/\/api.w.org\/{rel}","templated":true}]}}